{"id":2663,"date":"2020-03-14T21:41:00","date_gmt":"2020-03-15T00:41:00","guid":{"rendered":"http:\/\/www.dronesvip.com.ar\/es\/?page_id=2663"},"modified":"2023-06-30T09:09:19","modified_gmt":"2023-06-30T12:09:19","slug":"especializacion-en-seguimientos-de-obras","status":"publish","type":"page","link":"https:\/\/www.dronesvip.com.ar\/es\/especializacion-en-seguimientos-de-obras\/","title":{"rendered":"Especializaci\u00f3n en Seguimientos de Obras"},"content":{"rendered":"<p><strong>\u00bfA qui\u00e9n est\u00e1 dirigido?<\/strong><br \/>\nSi sos operador de drones y a\u00fan no definiste tu plan de negocios, o queres lograr una nueva y\u00a0r\u00e1pida\u00a0salida laboral, con este\u00a0c<strong><em>urso intensivo de seguimiento de obras<\/em><\/strong>\u00a0podr\u00e1s\u00a0abrir nuevas puertas utilizando tu equipo para tomar informaci\u00f3n fotogr\u00e1fica y presentarla de una forma profesional. Conocer\u00e1s conceptos como &#8220;nube de puntos&#8221;, &#8220;armado de orto-mosaicos&#8221; y &#8220;generaci\u00f3n de informes t\u00e9cnicos\u201d\u00a0de alto valor para sectores como la\u00a0construcci\u00f3n,\u00a0arquitectura,<wbr \/>\u00a0ingenier\u00eda, etc.<\/p>\n<p><strong>\u00bfQue necesito para realizar este curso?<\/strong><br \/>\nEs ideal tengas tu propio\u00a0drones\u00a0(no te preocupes, si no\u00a0tienes\u00a0uno podes alquilar uno en nuestro Instituto para realizar el curso). Adem\u00e1s, necesitaras una notebook o\u00a0MacBook\u00a0con 250 GB de espacio libre aproximadamente (o un disco externo de al menos ese espacio).<\/p>\n<p><strong>\u00bfQue conocimientos\u00a0<\/strong><strong>poder<\/strong><strong>\u00a0<wbr \/>incorporar?<\/strong><br \/>\nPodr\u00e1s crear mapas de drones precisos y de alta resoluci\u00f3n, informes, modelos 3D y mapas 2D en tiempo real para cualquier sitio de construcci\u00f3n.<\/p>\n<p><strong>\u00bf Que se necesita tener para realizar este curso ?<\/strong><\/p>\n<p>El alumno que realizar\u00e1 el curso deber\u00e1 tener su equipo drone (\u00f3 alquilar uno en el Instituto para el curso), una ordenador port\u00e1til con 250 GB de espacio en su disco duro.<\/p>\n<p><center><iframe loading=\"lazy\" title=\"cantera drones vip\" width=\"840\" height=\"473\" src=\"https:\/\/www.youtube.com\/embed\/opkaDMMgpow?feature=oembed\" frameborder=\"0\" allow=\"accelerometer; autoplay; clipboard-write; encrypted-media; gyroscope; picture-in-picture; web-share\" allowfullscreen><\/iframe><\/p>\n<p><\/center><a href=\"https:\/\/drones-vip.com\/cursos\/curso-de-seguimiento-de-obra\/\" target=\"_blank\" rel=\"attachment noopener wp-att-5027\"><img loading=\"lazy\" decoding=\"async\" class=\"wp-image-5027 aligncenter\" src=\"https:\/\/www.dronesvip.com.ar\/es\/wp-content\/uploads\/2023\/06\/mas-info.png\" alt=\"\" width=\"163\" height=\"65\" \/><\/a><\/p>\n<p><em><strong>Que informaci\u00f3n fotogr\u00e1ficamente trabajaremos?<\/strong><\/em><\/p>\n<p><em>El alumno estar\u00e1 en condiciones de realizar las siguientes im\u00e1genes<\/em><\/p>\n<p>&nbsp;<\/p>\n<table style=\"border-collapse: collapse; width: 547px; height: 655px;\" border=\"0\" width=\"166\" cellspacing=\"0\" cellpadding=\"0\">\n<colgroup>\n<col style=\"width: 62pt;\" span=\"2\" width=\"83\" \/> <\/colgroup>\n<tbody>\n<tr style=\"height: 14.4pt;\">\n<td style=\"height: 14.4pt; width: 62pt;\" width=\"83\" height=\"19\"><img loading=\"lazy\" decoding=\"async\" class=\"aligncenter wp-image-2681\" src=\"https:\/\/www.dronesvip.com.ar\/es\/wp-content\/uploads\/2020\/03\/1.jpg\" alt=\"\" width=\"286\" height=\"144\" \/><\/td>\n<td style=\"width: 62pt;\" width=\"83\"><img loading=\"lazy\" decoding=\"async\" class=\"aligncenter size-full wp-image-2682\" src=\"https:\/\/www.dronesvip.com.ar\/es\/wp-content\/uploads\/2020\/03\/2.jpg\" alt=\"\" width=\"1123\" height=\"609\" \/><\/td>\n<\/tr>\n<tr style=\"height: 14.4pt;\">\n<td style=\"height: 14.4pt;\" height=\"19\"><img loading=\"lazy\" decoding=\"async\" class=\"aligncenter size-full wp-image-2683\" src=\"https:\/\/www.dronesvip.com.ar\/es\/wp-content\/uploads\/2020\/03\/Captura.jpg\" alt=\"\" width=\"1039\" height=\"638\" \/><\/td>\n<td><img loading=\"lazy\" decoding=\"async\" class=\"aligncenter size-full wp-image-2684\" src=\"https:\/\/www.dronesvip.com.ar\/es\/wp-content\/uploads\/2020\/03\/4.jpg\" alt=\"\" width=\"1321\" height=\"738\" \/><\/td>\n<\/tr>\n<tr style=\"height: 14.4pt;\">\n<td style=\"height: 14.4pt;\" height=\"19\"><img loading=\"lazy\" decoding=\"async\" class=\"aligncenter size-full wp-image-2685\" src=\"https:\/\/www.dronesvip.com.ar\/es\/wp-content\/uploads\/2020\/03\/7.jpg\" alt=\"\" width=\"816\" height=\"542\" \/><\/td>\n<td><img loading=\"lazy\" decoding=\"async\" class=\"aligncenter size-full wp-image-2686\" src=\"https:\/\/www.dronesvip.com.ar\/es\/wp-content\/uploads\/2020\/03\/8.jpg\" alt=\"\" width=\"872\" height=\"476\" \/><\/td>\n<\/tr>\n<tr style=\"height: 14.4pt;\">\n<td style=\"height: 14.4pt;\" height=\"19\"><img loading=\"lazy\" decoding=\"async\" class=\"aligncenter size-full wp-image-2687\" src=\"https:\/\/www.dronesvip.com.ar\/es\/wp-content\/uploads\/2020\/03\/12.jpg\" alt=\"\" width=\"783\" height=\"619\" \/><\/td>\n<td><img loading=\"lazy\" decoding=\"async\" class=\"aligncenter wp-image-2688\" src=\"https:\/\/www.dronesvip.com.ar\/es\/wp-content\/uploads\/2020\/03\/6.jpg\" alt=\"\" width=\"269\" height=\"219\" \/><\/td>\n<\/tr>\n<\/tbody>\n<\/table>\n<p>&nbsp;<\/p>\n","protected":false},"excerpt":{"rendered":"<p>\u00bfA qui\u00e9n est\u00e1 dirigido? Si sos operador de drones y a\u00fan no definiste tu plan de negocios, o queres lograr una nueva y\u00a0r\u00e1pida\u00a0salida laboral, con este\u00a0curso intensivo de seguimiento de obras\u00a0podr\u00e1s\u00a0abrir nuevas puertas utilizando tu equipo para tomar informaci\u00f3n fotogr\u00e1fica y presentarla de una forma profesional. Conocer\u00e1s conceptos como &#8220;nube de puntos&#8221;, &#8220;armado de orto-mosaicos&#8221; [&hellip;]<\/p>\n","protected":false},"author":1,"featured_media":2670,"parent":0,"menu_order":0,"comment_status":"closed","ping_status":"closed","template":"","meta":{"footnotes":"","_joinchat":[]},"jetpack_sharing_enabled":true,"_links":{"self":[{"href":"https:\/\/www.dronesvip.com.ar\/es\/wp-json\/wp\/v2\/pages\/2663"}],"collection":[{"href":"https:\/\/www.dronesvip.com.ar\/es\/wp-json\/wp\/v2\/pages"}],"about":[{"href":"https:\/\/www.dronesvip.com.ar\/es\/wp-json\/wp\/v2\/types\/page"}],"author":[{"embeddable":true,"href":"https:\/\/www.dronesvip.com.ar\/es\/wp-json\/wp\/v2\/users\/1"}],"replies":[{"embeddable":true,"href":"https:\/\/www.dronesvip.com.ar\/es\/wp-json\/wp\/v2\/comments?post=2663"}],"version-history":[{"count":57,"href":"https:\/\/www.dronesvip.com.ar\/es\/wp-json\/wp\/v2\/pages\/2663\/revisions"}],"predecessor-version":[{"id":5033,"href":"https:\/\/www.dronesvip.com.ar\/es\/wp-json\/wp\/v2\/pages\/2663\/revisions\/5033"}],"wp:featuredmedia":[{"embeddable":true,"href":"https:\/\/www.dronesvip.com.ar\/es\/wp-json\/wp\/v2\/media\/2670"}],"wp:attachment":[{"href":"https:\/\/www.dronesvip.com.ar\/es\/wp-json\/wp\/v2\/media?parent=2663"}],"curies":[{"name":"wp","href":"https:\/\/api.w.org\/{rel}","templated":true}]}}