{"id":2531,"date":"2020-01-16T18:40:08","date_gmt":"2020-01-16T21:40:08","guid":{"rendered":"http:\/\/www.dronesvip.com.ar\/es\/?page_id=2531"},"modified":"2020-10-05T11:22:19","modified_gmt":"2020-10-05T14:22:19","slug":"pagar-ahora-texto","status":"publish","type":"page","link":"https:\/\/www.dronesvip.com.ar\/es\/pagar-ahora-texto\/","title":{"rendered":"Pagar Ahora"},"content":{"rendered":"<p><strong>Drones<span style=\"color: #ff0000;\">VIP<\/span><\/strong>, tiene todas las formas de pago:<\/p>\n<p>&nbsp;<\/p>\n<p>&nbsp;<\/p>\n<table style=\"border-collapse: collapse; width: 882px; height: 1678px;\" border=\"0\" width=\"249\" cellspacing=\"0\" cellpadding=\"0\">\n<colgroup>\n<col style=\"width: 62pt;\" span=\"3\" width=\"83\" \/><\/colgroup>\n<tbody>\n<tr style=\"height: 14.4pt;\">\n<td style=\"height: 14.4pt; width: 62pt;\" align=\"right\" width=\"83\" height=\"19\"><img loading=\"lazy\" decoding=\"async\" class=\"alignleft size-full wp-image-1629\" src=\"https:\/\/www.dronesvip.com.ar\/es\/wp-content\/uploads\/2019\/01\/efectivo-ok.png\" alt=\"\" width=\"870\" height=\"545\" \/><\/td>\n<td style=\"width: 62pt;\" align=\"right\" width=\"83\"><strong>E<\/strong><strong>fectivo<\/strong><\/td>\n<td style=\"width: 62pt; text-align: left;\" align=\"right\" width=\"83\">Se puede realizar en nuestras oficinas previa coordinaci\u00f3n telef\u00f3nica.<\/td>\n<\/tr>\n<tr style=\"height: 14.4pt;\">\n<td style=\"height: 14.4pt;\" align=\"right\" height=\"19\"><img loading=\"lazy\" decoding=\"async\" class=\"alignleft size-full wp-image-1630\" src=\"https:\/\/www.dronesvip.com.ar\/es\/wp-content\/uploads\/2019\/01\/transferecias.jpg\" alt=\"\" width=\"870\" height=\"544\" \/><\/td>\n<td align=\"right\"><strong>Dep\u00f3sito o transferencia Bancaria<\/strong><\/p>\n<p>BANCO PATAGONIA &#8211; SUCURSAL TIGRE<\/td>\n<td align=\"right\">\n<p style=\"margin: 0cm 0cm 0.0001pt; background: white; text-align: left;\"><span style=\"font-family: 'Georgia',serif; color: #333333;\">Tipo de Cuenta: Cuenta Corriente\u00a0$<\/span><\/p>\n<p style=\"margin: 0cm 0cm 0.0001pt; background: white; font-variant-ligatures: normal; font-variant-caps: normal; orphans: 2; text-align: left; widows: 2; -webkit-text-stroke-width: 0px; text-decoration-style: initial; text-decoration-color: initial; word-spacing: 0px;\"><span style=\"font-family: 'Georgia',serif; color: #333333;\">N\u00famero de Cuenta: 43-439849973-0<\/span><\/p>\n<p style=\"margin: 0cm 0cm 0.0001pt; background: white; font-variant-ligatures: normal; font-variant-caps: normal; orphans: 2; text-align: left; widows: 2; -webkit-text-stroke-width: 0px; text-decoration-style: initial; text-decoration-color: initial; word-spacing: 0px;\"><span style=\"font-family: 'Georgia',serif; color: #333333;\">CBU 0340043200439849973002<\/span><\/p>\n<p style=\"margin: 0cm 0cm 0.0001pt; background: white; font-variant-ligatures: normal; font-variant-caps: normal; orphans: 2; text-align: left; widows: 2; -webkit-text-stroke-width: 0px; text-decoration-style: initial; text-decoration-color: initial; word-spacing: 0px;\"><span style=\"font-family: 'Georgia',serif; color: #333333;\">Titular: INFORMATICA VIP SRL<\/span><\/p>\n<p style=\"margin: 0cm 0cm 0.0001pt; background: white; font-variant-ligatures: normal; font-variant-caps: normal; orphans: 2; text-align: left; widows: 2; -webkit-text-stroke-width: 0px; text-decoration-style: initial; text-decoration-color: initial; word-spacing: 0px;\"><span style=\"font-family: 'Georgia',serif; color: #333333;\">CUIT 30-71202089-6<\/span><\/p>\n<\/td>\n<\/tr>\n<tr style=\"height: 14.4pt;\">\n<td style=\"height: 14.4pt;\" align=\"right\" height=\"19\"><img loading=\"lazy\" decoding=\"async\" class=\"alignleft size-full wp-image-1631\" src=\"https:\/\/www.dronesvip.com.ar\/es\/wp-content\/uploads\/2019\/01\/credito.jpg\" alt=\"\" width=\"1094\" height=\"720\" \/><\/td>\n<td align=\"right\"><strong>Tarjeta<\/strong><\/td>\n<td style=\"text-align: left;\" align=\"right\">D\u00e9bito y Cr\u00e9dito<\/td>\n<\/tr>\n<tr style=\"height: 14.4pt;\">\n<td style=\"height: 14.4pt;\" align=\"right\" height=\"19\"><img loading=\"lazy\" decoding=\"async\" class=\"alignleft size-full wp-image-1632\" src=\"https:\/\/www.dronesvip.com.ar\/es\/wp-content\/uploads\/2019\/01\/cheque-ok.jpg\" alt=\"\" width=\"870\" height=\"575\" \/><\/td>\n<td align=\"right\"><strong>Cheque<\/strong><\/p>\n<p>Debe encontrarse acreditado antes del inicio del curso \u00f3 adjuntar la Carta Compromiso CERTIFICADA<\/td>\n<td style=\"text-align: left;\" align=\"right\">El cheque se debe realizar\u00a0a nombre de <strong>INFORMATICA VIP S.R.L.<\/strong><\/td>\n<\/tr>\n<tr style=\"height: 14.4pt;\">\n<td style=\"height: 14.4pt;\" align=\"right\" height=\"19\"><img loading=\"lazy\" decoding=\"async\" class=\"alignleft size-full wp-image-1633\" src=\"https:\/\/www.dronesvip.com.ar\/es\/wp-content\/uploads\/2019\/01\/MercadoPago-ok.jpg\" alt=\"\" width=\"870\" height=\"435\" \/><\/td>\n<td align=\"right\"><strong>Mercado Pago, realizar cualquier pago<\/strong><\/td>\n<td align=\"right\"><img loading=\"lazy\" decoding=\"async\" class=\"wp-image-1635 alignleft\" src=\"https:\/\/www.dronesvip.com.ar\/es\/wp-content\/uploads\/2019\/01\/qr_ok-1.png\" alt=\"\" width=\"434\" height=\"436\" \/><\/td>\n<\/tr>\n<tr style=\"height: 14.4pt;\">\n<td style=\"height: 14.4pt;\" align=\"right\" height=\"19\"><img loading=\"lazy\" decoding=\"async\" class=\"alignleft size-full wp-image-1633\" src=\"https:\/\/www.dronesvip.com.ar\/es\/wp-content\/uploads\/2019\/01\/MercadoPago-ok.jpg\" alt=\"\" width=\"870\" height=\"435\" \/><\/td>\n<td style=\"text-align: left;\" align=\"right\"><strong>Mercado Pago Curso CABA<\/strong><\/td>\n<td style=\"text-align: center;\" align=\"right\"><a href=\"https:\/\/www.mercadopago.com.ar\/checkout\/v1\/redirect?preference-id=123448192-8be11af8-8264-4d6b-852e-c7f07b556e34\" target=\"_blank\" rel=\"noopener noreferrer\">Pagar<\/a><\/td>\n<\/tr>\n<tr style=\"height: 14.4pt;\">\n<td style=\"height: 14.4pt;\" align=\"right\" height=\"19\"><img loading=\"lazy\" decoding=\"async\" class=\"alignleft size-full wp-image-1633\" src=\"https:\/\/www.dronesvip.com.ar\/es\/wp-content\/uploads\/2019\/01\/MercadoPago-ok.jpg\" alt=\"\" width=\"870\" height=\"435\" \/><\/td>\n<td style=\"text-align: left;\" align=\"right\"><strong>Mercado Pago Curso Tigre (Nordelta)<\/strong><\/td>\n<td style=\"text-align: center;\" align=\"right\"><a href=\"https:\/\/www.mercadopago.com.ar\/checkout\/v1\/redirect?preference-id=123448192-8be11af8-8264-4d6b-852e-c7f07b556e34\" target=\"_blank\" rel=\"noopener noreferrer\">Pagar<\/a><\/td>\n<\/tr>\n<tr style=\"height: 14.4pt;\">\n<td style=\"height: 14.4pt;\" align=\"right\" height=\"19\"><img loading=\"lazy\" decoding=\"async\" class=\"alignleft size-full wp-image-1633\" src=\"https:\/\/www.dronesvip.com.ar\/es\/wp-content\/uploads\/2019\/01\/MercadoPago-ok.jpg\" alt=\"\" width=\"870\" height=\"435\" \/><\/td>\n<td align=\"right\">\n<p style=\"text-align: left;\"><strong>Mercado Pago Curso\u00a0E learning <\/strong><\/p>\n<p><strong>[[ Multirrotor ]]<\/strong><\/td>\n<td style=\"text-align: center;\" align=\"right\"><a href=\"https:\/\/www.mercadopago.com.ar\/checkout\/v1\/redirect?preference-id=123448192-38c3737b-feb5-4853-82e3-c8fe8b1e075e\" target=\"_blank\" rel=\"noopener noreferrer\">Pagar<\/a><\/td>\n<\/tr>\n<tr style=\"height: 14.4pt;\">\n<td style=\"height: 14.4pt;\" align=\"right\" height=\"19\"><img loading=\"lazy\" decoding=\"async\" class=\"alignleft size-full wp-image-1633\" src=\"https:\/\/www.dronesvip.com.ar\/es\/wp-content\/uploads\/2019\/01\/MercadoPago-ok.jpg\" alt=\"\" width=\"870\" height=\"435\" \/><\/td>\n<td align=\"right\"><strong>Mercado Pago <\/strong><\/p>\n<p style=\"text-align: left;\"><strong>Curso\u00a0CAMARAS <span style=\"color: #ff0000;\">TERMICAS\u00a0<\/span>(Nordelta)<\/strong><\/p>\n<\/td>\n<td style=\"text-align: center;\" align=\"right\"><a class=\"blue-ar-l-rn-none\" href=\"https:\/\/www.mercadopago.com\/mla\/checkout\/start?pref_id=123448192-e1b17fb3-4625-4f80-80b5-ca4a3b95692f\" name=\"MP-payButton\">Pagar<\/a><br \/>\n<script type=\"text\/javascript\">\n(function(){function $MPC_load(){window.$MPC_loaded !== true && (function(){var s = document.createElement(\"script\");s.type = \"text\/javascript\";s.async = true;s.src = document.location.protocol+\"\/\/secure.mlstatic.com\/mptools\/render.js\";var x = document.getElementsByTagName('script')[0];x.parentNode.insertBefore(s, x);window.$MPC_loaded = true;})();}window.$MPC_loaded !== true ? (window.attachEvent ?window.attachEvent('onload', $MPC_load) : window.addEventListener('load', $MPC_load, false)) : null;})();\n<\/script><\/td>\n<\/tr>\n<tr style=\"height: 14.4pt;\">\n<td style=\"height: 14.4pt;\" align=\"right\" height=\"19\"><img loading=\"lazy\" decoding=\"async\" class=\"alignleft size-full wp-image-1633\" src=\"https:\/\/www.dronesvip.com.ar\/es\/wp-content\/uploads\/2019\/01\/MercadoPago-ok.jpg\" alt=\"\" width=\"870\" height=\"435\" \/><\/td>\n<td style=\"text-align: left;\" align=\"right\"><strong>Mercado Pago Curso URUGUAY<\/strong><\/td>\n<td style=\"text-align: center;\" align=\"right\"><a class=\"orange-ar-l-ov-uyon\" href=\"https:\/\/www.mercadopago.com.uy\/checkout\/v1\/redirect?pref_id=62612781-8608b622-0cf2-4a1f-858d-d5f2352c95c3\" name=\"MP-payButton\">Pagar<\/a><br \/>\n<script type=\"text\/javascript\">\n(function(){function $MPC_load(){window.$MPC_loaded !== true && (function(){var s = document.createElement(\"script\");s.type = \"text\/javascript\";s.async = true;s.src = document.location.protocol+\"\/\/secure.mlstatic.com\/mptools\/render.js\";var x = document.getElementsByTagName('script')[0];x.parentNode.insertBefore(s, x);window.$MPC_loaded = true;})();}window.$MPC_loaded !== true ? (window.attachEvent ?window.attachEvent('onload', $MPC_load) : window.addEventListener('load', $MPC_load, false)) : null;})();\n<\/script><\/td>\n<\/tr>\n<tr style=\"height: 14.4pt;\">\n<td style=\"height: 14.4pt;\" align=\"right\" height=\"19\"><img loading=\"lazy\" decoding=\"async\" class=\"alignleft size-full wp-image-1641\" src=\"https:\/\/www.dronesvip.com.ar\/es\/wp-content\/uploads\/2019\/01\/aviso-de-pago.jpg\" alt=\"\" width=\"870\" height=\"355\" \/><\/td>\n<td style=\"text-align: center;\" align=\"right\">Informa tu Pago en el formulario de abajo as\u00ed realizamos tu factura, la cual se remite por mail o la retiras en el Instituto<\/td>\n<td align=\"right\"><img loading=\"lazy\" decoding=\"async\" class=\"alignleft wp-image-1641\" src=\"https:\/\/www.dronesvip.com.ar\/es\/wp-content\/uploads\/2019\/01\/aviso-de-pago.jpg\" alt=\"\" width=\"376\" height=\"153\" \/><\/td>\n<\/tr>\n<\/tbody>\n<\/table>\n<p><script type=\"text\/javascript\" defer=\"\" src=\"\/\/www.123contactform.com\/embed\/2752418.js\" data-role=\"form\"><\/script><\/p>\n","protected":false},"excerpt":{"rendered":"<p>DronesVIP, tiene todas las formas de pago: &nbsp; &nbsp; Efectivo Se puede realizar en nuestras oficinas previa coordinaci\u00f3n telef\u00f3nica. Dep\u00f3sito o transferencia Bancaria BANCO PATAGONIA &#8211; SUCURSAL TIGRE Tipo de Cuenta: Cuenta Corriente\u00a0$ N\u00famero de Cuenta: 43-439849973-0 CBU 0340043200439849973002 Titular: INFORMATICA VIP SRL CUIT 30-71202089-6 Tarjeta D\u00e9bito y Cr\u00e9dito Cheque Debe encontrarse acreditado antes del [&hellip;]<\/p>\n","protected":false},"author":1,"featured_media":1661,"parent":0,"menu_order":0,"comment_status":"closed","ping_status":"closed","template":"","meta":{"footnotes":"","_joinchat":[]},"jetpack_sharing_enabled":true,"_links":{"self":[{"href":"https:\/\/www.dronesvip.com.ar\/es\/wp-json\/wp\/v2\/pages\/2531"}],"collection":[{"href":"https:\/\/www.dronesvip.com.ar\/es\/wp-json\/wp\/v2\/pages"}],"about":[{"href":"https:\/\/www.dronesvip.com.ar\/es\/wp-json\/wp\/v2\/types\/page"}],"author":[{"embeddable":true,"href":"https:\/\/www.dronesvip.com.ar\/es\/wp-json\/wp\/v2\/users\/1"}],"replies":[{"embeddable":true,"href":"https:\/\/www.dronesvip.com.ar\/es\/wp-json\/wp\/v2\/comments?post=2531"}],"version-history":[{"count":3,"href":"https:\/\/www.dronesvip.com.ar\/es\/wp-json\/wp\/v2\/pages\/2531\/revisions"}],"predecessor-version":[{"id":3646,"href":"https:\/\/www.dronesvip.com.ar\/es\/wp-json\/wp\/v2\/pages\/2531\/revisions\/3646"}],"wp:featuredmedia":[{"embeddable":true,"href":"https:\/\/www.dronesvip.com.ar\/es\/wp-json\/wp\/v2\/media\/1661"}],"wp:attachment":[{"href":"https:\/\/www.dronesvip.com.ar\/es\/wp-json\/wp\/v2\/media?parent=2531"}],"curies":[{"name":"wp","href":"https:\/\/api.w.org\/{rel}","templated":true}]}}