{"id":2121,"date":"2019-06-27T18:16:58","date_gmt":"2019-06-27T21:16:58","guid":{"rendered":"http:\/\/www.dronesvip.com.ar\/es\/?page_id=2121"},"modified":"2021-05-29T16:06:58","modified_gmt":"2021-05-29T19:06:58","slug":"curso-de-especializacion-en-fotogrametria-con-drones","status":"publish","type":"page","link":"https:\/\/www.dronesvip.com.ar\/es\/curso-de-especializacion-en-fotogrametria-con-drones\/","title":{"rendered":"Curso de Fotogrametr\u00eda"},"content":{"rendered":"<p><strong>En este curso se presentar\u00e1n todos los conceptos b\u00e1sicos y principales para poder comenzar a desarrollar actividades relacionadas a la fotogrametr\u00eda.<\/strong><\/p>\n<p><a href=\"https:\/\/www.dronesvip.com.ar\/es\/contruccion\/especializacion-fotogrametria\/\" rel=\"attachment wp-att-2872\"><img loading=\"lazy\" decoding=\"async\" class=\"wp-image-2872 alignright\" src=\"https:\/\/www.dronesvip.com.ar\/es\/wp-content\/uploads\/2020\/04\/Especializacion-Fotogrametria.png\" alt=\"\" width=\"121\" height=\"121\" \/><\/a><\/p>\n<p>El curso comenzar\u00e1 con los conceptos de <strong><em>sistemas de coordenadas, geoides, elipsoides, instrumental de precisi\u00f3n para soporte de relevamientos fotogram\u00e9tricos, puntos de control, conceptos de precisi\u00f3n, resoluci\u00f3n y exactitud<\/em><\/strong> que ayudar\u00e1n a aclarar los principios b\u00e1sicos para un relevamiento de potencial uso en ingenieria, arquitectura, geolog\u00eda, miner\u00eda, petr\u00f3leo y gas, etc.<\/p>\n<p><strong><span style=\"color: #ff6600;\">Posteriormente hablaremos de los principales sensores de aplicaci\u00f3n para relevamientos fotogram\u00e9tricos, conceptos de fotogrametr\u00eda y sus variables, recomendaciones de buenas pr\u00e1cticas y trucos que nos permiten aprender m\u00e1s r\u00e1pido y entender c\u00f3mo realizar los relevamientos para uso profesional.<\/span><\/strong><\/p>\n<p>En la secci\u00f3n de procesamiento usaremos software l\u00edder para conocer su flujo de trabajo, par\u00e1metros de procesamiento, aplicaci\u00f3n y calibraci\u00f3n de los puntos de control y la generaci\u00f3n de entregables listo para su uso profesional.<\/p>\n<p><img loading=\"lazy\" decoding=\"async\" class=\"alignleft wp-image-4318\" src=\"https:\/\/www.dronesvip.com.ar\/es\/wp-content\/uploads\/2021\/05\/timely-payment-solid-icon-alarm-clock-vector-illustration-isolated-white-pay-time-glyph-style-design-designed-timely-payment-138680706.jpeg\" alt=\"\" width=\"124\" height=\"124\" \/><\/p>\n<p>Para conocer la Inversi\u00f3n que tienes que hacer, para tu capacitaci\u00f3n y la Duraci\u00f3n del curso de fotogrametr\u00eda podes verlo desde <a href=\"https:\/\/drones-vip.com\/cursos\/curso-fotogrametria\/\" target=\"_blank\" rel=\"noopener\">Aqu\u00ed<\/a><\/p>\n<p>&nbsp;<\/p>\n<p><img loading=\"lazy\" decoding=\"async\" class=\"alignleft wp-image-4305\" src=\"https:\/\/www.dronesvip.com.ar\/es\/wp-content\/uploads\/2021\/05\/Temario.png\" alt=\"\" width=\"124\" height=\"124\" \/><\/p>\n<p><strong>Temario de los m\u00f3dulos Te\u00f3ricos:<\/strong><\/p>\n<p><strong>UNIDAD 1. CONCEPTOS B\u00c1SICOS PARA TRABAJOS DE FOTOGRAMETR\u00cdA DIGITAL.<\/strong><br \/>\n01 Posicionamiento \u2013 Sistemas De Referencia \u2013 Proyecciones Cartogr\u00e1ficas<br \/>\n02 GNSS \u2013 (GPS)<\/p>\n<p><strong>UNIDAD 2. CONCEPTOS B\u00c1SICOS PARA TRABAJOS DE FOTOGRAMETR\u00cdA DIGITAL.<\/strong><br \/>\n03 Fotogrametr\u00eda Digital \u2013 Aerofotogrametr\u00eda<br \/>\n04 Captura de im\u00e1genes.<br \/>\n05 Puntos de foto control.<br \/>\n06 Levantamiento \u2013 Insumos \u2013 Entregables (Productos).<\/p>\n<p><strong>UNIDAD 3. PREPARACI\u00d3N DE LA PR\u00c1CTICA.01 Generalidades de los UAS.<\/strong><br \/>\n07 Procedimientos Normales.<br \/>\n08 Aplicaciones y programas para la generaci\u00f3n y ejecuci\u00f3n de planes de vuelo.<br \/>\n09 Programaci\u00f3n del plan de vuelo.<\/p>\n<p><strong>UNIDAD 4. VUELO FOTOGRAM\u00c9TRICO.<\/strong><br \/>\n05 Montaje de puntos de control (emulaci\u00f3n de montaje de un punto de fotocontrol).<br \/>\n06 Ejecuci\u00f3n del vuelo.<\/p>\n<p><strong>UNIDAD 5. PROCESAMIENTO.<\/strong><br \/>\n01 Proceso Fotogram\u00e9trico Digital \u2013 Sistema.<br \/>\n02 Control de calidad a insumos (Im\u00e1genes, P. Control)<br \/>\n03 Software para procesamiento<br \/>\n04 Pr\u00e1ctica de proceso (tratamiento de la informaci\u00f3n y generaci\u00f3n de resultados).<br \/>\n05 Tratamiento de la informaci\u00f3n.<br \/>\n06 Generaci\u00f3n de resultados.<br \/>\n07 Nube de puntos, Modelo Digital de Superficie y Modelo Digital de Terreno. Ortofotomosaico.<\/p>\n<p><strong><img loading=\"lazy\" decoding=\"async\" class=\"alignleft wp-image-4305\" src=\"https:\/\/www.dronesvip.com.ar\/es\/wp-content\/uploads\/2021\/05\/Temario.png\" alt=\"\" width=\"124\" height=\"124\" \/>Temario de los m\u00f3dulos pr\u00e1cticos:<\/strong><\/p>\n<p>Pr\u00e1ctica Adicional:<br \/>\n01 Estaci\u00f3n Total, operaci\u00f3n en campo.<br \/>\n02 Conceptos b\u00e1sicos de fotogrametr\u00eda.<\/p>\n<p>&nbsp;<\/p>\n<style>\n\/*===== general options =========*\/\na {\n    box-shadow: none !important;\n}\n\n.view *, .album_categories *, .album_back_button *, #album_disabled_layer {\n    font-family: sans-serif, Arial, Verdana, Sylfaen !important;\n}\n\n#album_disabled_layer {\n    display: none;\n    position: absolute;\n    width: 100%;\n    height: 100%;\n    text-align: center;\n    background-color: transparent;\n    z-index: 10;\n    padding-top: 20px;\n    color: #fff;\n}\n\n#album_list_container {\n    position: relative;\n}\n\n\/* ====================== album onhover styles ==========================*\/\n\n#album_list .view {\n    -webkit-box-sizing: border-box;\n    -moz-box-sizing: border-box;\n    -o-box-sizing: border-box;\n    display: none;\n\n}\n\n.view .mask,\n.view .content {\n    width: 100%;\n    height: 100%;\n    position: absolute;\n    overflow: hidden;\n    top: 0;\n    left: 0;\n}\n\n.view h2 {\n    text-transform: uppercase;\n    color: #fff;\n    text-align: center;\n    position: relative;\n    font-size: 17px;\n    font-family: Raleway, serif;\n    padding: 10px;\n    \/*background: rgba(0, 0, 0, 0.8);*\/\n    margin: 20px 0 0 0;\n\n}\n\n.album_back_button a, .view a {\n    text-decoration: none !important;\n}\n\n.view p {\n    font-family: Merriweather, serif;\n    font-style: italic;\n    font-size: 14px;\n    position: relative;\n    color: #fff;\n    padding: 0px 20px 0px;\n    text-align: center;\n\n}\n\n.view a.info {\n    display: inline-block;\n    text-decoration: none;\n    font-size: 13px;\n    padding: 2px 14px;\n    margin-bottom: 3px;\n    background: #000;\n    color: #fff;\n    font-family: Raleway, serif;\n    text-transform: uppercase;\n    box-shadow: 0 0 1px #000\n}\n\n.mask-text h2 {\n    font-size: 20px !important;\n}\n\n.view a.info:hover {\n    box-shadow: 0 0 5px #000\n}\n\n.view .mask-bg {\n    height: 100%;\n}\n\n.view .album_social {\n    color: #fff;\n    position: absolute;\n    bottom: 3px;\n    left: 3px;\n    border: 1px solid #ffffff;\n    -webkit-border-radius: 3px;\n    -moz-border-radius: 3px;\n    border-radius: 3px;\n    padding: 3px 5px;\n\n}\n\n.view .album_social:active, .view .album_social:focus, .view .album_social:hover {\n    color: #ffffff;\n    outline: none;\n}\n\n\/*1*\/\n\n.view .info {\n    margin-top: 5px;\n}\n\n.view-first .mask {\n    opacity: 0;\n    background-color: rgba(0, 0, 0, 0.7);\n    transition: all 0.4s ease-in-out;\n    transform: translateY(-100px);\n\n}\n\n.view-first h2 {\n    transform: translateY(-100px);\n    opacity: 0;\n    font-family: Raleway, serif;\n    transition: all 0.2s ease-in-out;\n}\n\n.view-first p {\n    transform: translateY(100px);\n    opacity: 0;\n    transition: all 0.2s linear;\n}\n\n.view-first a.info {\n    opacity: 0;\n    transition: all 0.2s ease-in-out;\n}\n\n.view-first .mask-text * {\n    color: #fff !important;\n}\n\n\/* *\/\n\n.view-first:hover img {\n    transform: scale(1.2);\n}\n\n.view-first:hover .mask {\n    opacity: 1;\n    transform: translateY(0px);\n}\n\n.view-first:hover h2,\n.view-first:hover p,\n.view-first:hover a.info {\n    opacity: 1;\n    transform: translateY(10px);\n}\n\n.view-first:hover p {\n    transition-delay: 0.1s;\n}\n\n.view-first:hover a.info {\n    transition-delay: 0.2s;\n}\n\n\/*2*\/\n.view-second img {\n    -webkit-filter: grayscale(0) blur(0);\n    filter: grayscale(0) blur(0);\n    -webkit-transition: .3s ease-in-out;\n    transition: .3s ease-in-out;\n}\n\n.view-second .mask {\n    background-color: rgba(226, 200, 127, 0.2);\n    transition: all 0.5s linear;\n    opacity: 0;\n}\n\n.view-second h2 {\n    background: transparent;\n    margin: 20px 10px 0px 10px;\n    transform: scale(0);\n    color: #333;\n    transition: all 0.5s linear;\n    opacity: 0;\n}\n\n.view-second p {\n    opacity: 0;\n    transform: scale(0);\n    transition: all 0.5s linear;\n}\n\n.view-second a.info {\n    opacity: 0;\n    transform: scale(0);\n    transition: all 0.5s linear;\n}\n\n.view-second:hover img {\n    -webkit-filter: grayscale(100%) blur(3px);\n    filter: grayscale(100%) blur(3px);\n}\n\n.view-second:hover .mask {\n    opacity: 1;\n}\n\n.view-second .mask-text * {\n    color: #333 !important;\n}\n\n.view-second:hover h2,\n.view-second:hover p,\n.view-second:hover a.info {\n    transform: scale(1);\n    opacity: 1;\n}\n\n.view-second img {\n    -webkit-filter: grayscale(0) blur(0);\n    filter: grayscale(0) blur(0);\n    -webkit-transition: .3s ease-in-out;\n    transition: .3s ease-in-out;\n}\n\n.view-second:hover img {\n    -webkit-filter: grayscale(100%) blur(3px);\n    filter: grayscale(100%) blur(3px);\n}\n\n\/*3*\/\n\n.view-third img {\n    transform: scaleY(1);\n    transition: all .7s ease-in-out;\n}\n\n.view-third a.info {\n    opacity: 0;\n    transform: scale(0);\n    transition: all 0.5s linear;\n}\n\n.view-third:hover img {\n    -webkit-transform: scale(10);\n    transform: scale(10);\n    opacity: 0;\n}\n\n.view-third:hover .mask {\n    opacity: 1;\n}\n\n.view-third:hover h2,\n.view-third:hover p,\n.view-third:hover a.info {\n    transform: scale(1);\n    opacity: 1;\n}\n\n.view-third .mask-text * {\n    color: #333 !important;\n}\n\n\/* ==== view 4 ===*\/\n\n.view-forth-wrapper {\n    overflow: hidden;\n    position: relative !important;\n    height: 100%;\n    \/* cursor: pointer;*\/\n}\n\n.view-forth img {\n    max-width: 100%;\n    position: relative;\n    top: 0;\n    -webkit-transition: all 600ms cubic-bezier(0.645, 0.045, 0.355, 1);\n    transition: all 600ms cubic-bezier(0.645, 0.045, 0.355, 1);\n}\n\n.view-forth .mask {\n    position: absolute;\n    width: 100%;\n    \/*    height: 70px;*\/\n    \/*    bottom: -70px;*\/\n    height: 50%;\n    bottom: -50%;\n    -webkit-transition: all 300ms cubic-bezier(0.645, 0.045, 0.355, 1);\n    transition: all 300ms cubic-bezier(0.645, 0.045, 0.355, 1);\n    top: inherit;\n}\n\n.view-forth:hover .mask {\n    bottom: 0;\n}\n\n.view-forth:hover img {\n    top: -30px;\n}\n\n.view-forth .mask-text * {\n    color: #fff !important;\n}\n\n.view-forth .mask-text h2 {\n    margin-top: 0px !important;\n}\n\n\/*==  view 5 ==*\/\n\n.view-fifth .view-fifth-wrapper,\n.view-fifth .view-fifth-wrapper img {\n    display: block;\n    position: relative;\n}\n\n.view-fifth .view-fifth-wrapper {\n    overflow: hidden;\n    height: 100%;\n}\n\n.view-fifth .view-fifth-wrapper .mask {\n    display: none;\n    position: absolute;\n    background: #333;\n    background: rgba(75, 75, 75, 0.7);\n    width: 100%;\n    height: 100%;\n}\n\n.view-fifth .mask-text * {\n    color: #fff !important;\n}\n\n\/* ====================== album category styles ==========================*\/\n\n#filters {\n    margin: 1% 0;\n    padding: 0;\n    list-style: none;\n    list-style-type: none !important;\n\n}\n\n#filters li {\n    float: left;\n    list-style-type: none !important;\n}\n\n#filters li:first-child span {\n    margin-left: 0px;\n}\n\n#filters li span {\n    display: block;\n    text-decoration: none;\n    cursor: pointer;\n}\n\n.album_categories {\n    list-style-type: none;\n    margin: 0;\n    padding: 0;\n    overflow: hidden;\n    padding-top: 5px;\n}\n\n\/*=========  sharing buttons  ============*\/\n\n.album_socials {\n    position: relative;\n    top: 3px;\n    width: 100px;\n    height: 28px;\n    margin: 0 auto;\n}\n\n.album_socials .rwd-share-buttons {\n    top: 0px !important;\n    width: 100% !important;\n    margin: 0px !important;\n}\n\n.album_socials a {\n    text-decoration: underline !important;\n}\n\n.gallery_images, .album_image_place {\n    margin-top: 15px;\n    margin-top: 15px;\n}\n\n#rwd-share-facebook:hover {\n    background-position: 0 -31px !important;\n}\n\n#rwd-share-twitter:hover {\n    background-position: -31px 32px !important;\n}\n\n#rwd-share-googleplus:hover {\n    background-position: -66px -31px !important;\n}\n\n.rwd-share-buttons li, .rwd-share-buttons li a {\n    width: 26px !important;\n    border: 0px !important;\n}\n\n.rwd-share-buttons {\n    top: 0 !important;\n}\n\n.img_link_btn {\n    position: absolute;\n    z-index: 99999;\n    bottom: 0;\n    left: 0;\n    right: 0;\n    width: 100%;\n    padding: 8px;\n}\n\n.rwd-title {\n    padding: 10px 0px !important;\n}\n\n@media only screen and (max-width: 475px) {\n    .rwd-share-buttons {\n        top: -25px !important;\n    }\n\n    .rwd-title-text {\n        line-height: 15px;\n    }\n}\n\n\/*=========  hover style ===========*\/\n\n#hover {\n    color: rgba(188, 175, 204, 0.9);\n}\n\nh2#testimonials {\n    color: #fffae3;\n}\n\ndiv#all {\n    width: 100%;\n    height: 100%;\n}\n\n.view img {\n    height: auto;\n}\n\n.view {\n    color: #fff;\n    margin: 0 10px 10px 0;\n    overflow: hidden;\n    position: relative;\n    text-align: center;\n    float: left;\n    cursor: default;\n    border: 1px solid #ccc;\n}\n\n.view-wrapper {\n    height: 100%;\n}\n\n.view img {\n    display: block;\n    position: relative;\n    transition: all 0.2s linear;\n    height: 100%;\n    width: auto;\n    max-width: 100%;\n    margin: 0 auto;\n}\n\n.mask-text h2 {\n    font-size: 18px !important;\n    margin-top: 20px !important;\n    font-weight: normal !important;\n}\n\n\/* view 1 *\/\n\n.view-first .text-category, .view-first .mask-text h2, .view-first .mask-text p {\n    color: #fff;\n}\n\n\/*  view 2 *\/\n.view-second .text-category, .view-second .mask-text h2, .view-second p {\n    color: #333;\n}\n\n.view-second .mask-text h2 {\n    border-bottom: 1px solid #333;\n}\n\n\/* view 3*\/\n.view-third .mask {\n    background-color: #ccc;\n    transition: all 0.5s linear;\n    opacity: 0;\n    color: #333;\n}\n\n.view-third h2 {\n    border-bottom: 1px solid #333;\n    background: transparent;\n    margin: 20px 10px 0px 10px;\n    transform: scale(0);\n    color: #333;\n    transition: all 0.5s linear;\n    opacity: 0;\n}\n\n.view-third p {\n    color: #333;\n    opacity: 0;\n    transform: scale(0);\n    transition: all 0.5s linear;\n}\n\n.view-third .text-category {\n    color: #333;\n}\n\n\/* view 4 *\/\n\n.view-forth .mask-bg {\n    background: #333;\n    width: 100%;\n    height: 100%;\n    position: absolute;\n    top: 0;\n    left: 0;\n}\n\n.view-forth .mask-text {\n    color: #fff;\n    position: relative;\n    z-index: 500;\n    padding: 5px 8px;\n}\n\n.view-forth .mask-text h2 {\n    margin: 0px;\n    font-size: 13px;\n    padding: 2px;\n    color: #fff;\n}\n\n.view-forth .mask-text h2:hover {\n    cursor: pointer;\n}\n\n.view-forth .text-category {\n    display: block;\n    font-size: 15px;\n    color: #fff;\n}\n\n.view-forth p {\n    color: #fff;\n}\n\n\/* view 5 *\/\n.view-fifth .text-category, .view-fifth .text-category *, .view-fifth .mask-text h2, .view-fifth .mask-text p {\n    color: #fff;\n}\n\n<\/style>\n    <input type=\"hidden\" name=\"view_style\" value=\"view-fifth\">\n    <section id=\"huge_it_gallery_content_17\" class=\"gallery-img-content\"\n             data-rating-type=\"off\" style=\"position: relative\">\n        <div class=\"ph-gallery-wp-loading-icon\"><\/div>\n        <div style=\"visibility: hidden\" id=\"ph-g-wp_gallery_container_17\"\n             data-show-center=\"no\"\n             class=\"ph-gallery-wp-loading-class ph-g-wp_gallery_container super-list variable-sizes clearfix view-lightbox-gallery\">\n            <div id=\"ph-g-wp_gallery_container_moving_17\"\n                 class=\"super-list variable-sizes clearfix\">\n                <input type=\"hidden\" class=\"pagenum\" value=\"1\"\/>\n              \n                <input type=\"hidden\" id=\"total\" value=\"1\"\/>\n                                    <div class=\"view view-fifth ph_element ph_element_17\" tabindex=\"0\"\n                         data-symbol=\"\" data-category=\"alkaline-earth\">\n<div class=\"view-fifth-wrapper view-wrapper\">\n\n<div id=\"cajatitular\" style=\"\">\n<h2 id=\"titular\" style=\"\"><\/h2>\n<\/div>\n                                                                                                                <img decoding=\"async\" alt=\"\" id=\"wd-cl-img0\" title=\"\" src=\"https:\/\/www.dronesvip.com.ar\/es\/wp-content\/uploads\/2020\/06\/1.png\"\/>\n                                                                    <div class=\"mask\">\n        <div class=\"mask-text mask-text-nuevo\" style=\"\">\n            <span class=\"text-category text-categogy-nuevo\" style=\"\"><p style=\"\">PASO #1 -> Podes inscribirte Ahora<\/p><a class=\"cta\" style=\"\" href=\"http:\/\/www.dronesvip.com.ar\/es\/contacto\/consultas-y-inscripcion\/\" target=\"_blank\">M\u00c1S INFORMACI\u00d3N<\/a>\n            <\/span>\n        <\/div>\n            <div class=\"mask-bg\"><\/div>\n    <\/div>\n\n<\/div>\n\n                        \n                    <\/div>\n                                        <div class=\"view view-fifth ph_element ph_element_17\" tabindex=\"0\"\n                         data-symbol=\"\" data-category=\"alkaline-earth\">\n<div class=\"view-fifth-wrapper view-wrapper\">\n\n<div id=\"cajatitular\" style=\"\">\n<h2 id=\"titular\" style=\"\"><\/h2>\n<\/div>\n                                                                                                                <img decoding=\"async\" alt=\"\" id=\"wd-cl-img1\" title=\"\" src=\"https:\/\/www.dronesvip.com.ar\/es\/wp-content\/uploads\/2020\/06\/2.png\"\/>\n                                                                    <div class=\"mask\">\n        <div class=\"mask-text mask-text-nuevo\" style=\"\">\n            <span class=\"text-category text-categogy-nuevo\" style=\"\"><p style=\"\">PASO #2 -> No dudes, paga ya tu curso<\/p><a class=\"cta\" style=\"\" href=\"http:\/\/www.dronesvip.com.ar\/es\/pagar-ahora\/\" target=\"_blank\">M\u00c1S INFORMACI\u00d3N<\/a>\n            <\/span>\n        <\/div>\n            <div class=\"mask-bg\"><\/div>\n    <\/div>\n\n<\/div>\n\n                        \n                    <\/div>\n                                        <div class=\"view view-fifth ph_element ph_element_17\" tabindex=\"0\"\n                         data-symbol=\"\" data-category=\"alkaline-earth\">\n<div class=\"view-fifth-wrapper view-wrapper\">\n\n<div id=\"cajatitular\" style=\"\">\n<h2 id=\"titular\" style=\"\"><\/h2>\n<\/div>\n                                                                                                                <img decoding=\"async\" alt=\"\" id=\"wd-cl-img2\" title=\"\" src=\"https:\/\/www.dronesvip.com.ar\/es\/wp-content\/uploads\/2020\/06\/3.png\"\/>\n                                                                    <div class=\"mask\">\n        <div class=\"mask-text mask-text-nuevo\" style=\"\">\n            <span class=\"text-category text-categogy-nuevo\" style=\"\"><p style=\"\">PASO #3 -> Informa tu pago<\/p><a class=\"cta\" style=\"\" href=\"http:\/\/www.dronesvip.com.ar\/es\/contacto\/informar-pago\/\" target=\"_blank\">M\u00c1S INFORMACI\u00d3N<\/a>\n            <\/span>\n        <\/div>\n            <div class=\"mask-bg\"><\/div>\n    <\/div>\n\n<\/div>\n\n                        \n                    <\/div>\n                                <\/div>\n            <div style=\"clear:both;\"><\/div>\n        <\/div>\n            <\/section>\n\n\n    <script type=\"text\/javascript\">\n        jQuery(document).ready(function () {\n            jQuery('.view-fifth ').each(function () {\n                jQuery(this).hoverdir();\n            });\n        });\n    <\/script>\n<style>\n.gallery-img-content a{\n    border-bottom: none;\n}\n.ph_element_17 {\n    position: relative;\n    max-width: 100%;\n    width: 300px;\n\n        margin:0 10px 10px 0;\n    border:0px solid #eeeeee;\n    border-radius:3px;\n    outline:none;\n    overflow:hidden;\n}\n.ph_element_17 .image-block_17 {\n    position:relative;\n    width: 100%;\n}\n.ph_element_17 .image-block_17 a {display:block;}\n.ph_element_17 .image-block_17 img {\n    width: 100%;\n    max-width:250px !important;\n    height:auto;\n    display:block;\n    border-radius: 0 !important;\n    box-shadow: 0 0 0 rgba(0, 0, 0, 0) !important;\n}\n.ph_element_17 .image-block_17 img:hover {\n    cursor: -webkit-zoom-in; cursor: -moz-zoom-in;\n}\n.ph_element_17 .image-block_17 .play-icon {\n    position:absolute;\n    top:0;\n    left:0;\n    width:100%;\n    height:100%;\n}\n\n.ph_element_17:hover .title-block_17 {bottom:0;}\n.ph_element_17 .title-block_17 a, .ph_element_17 .title-block_17 a:link, .ph_element_17 .title-block_17 a:visited, .ph_element_17 .title-block_17 {\n    position:relative;\n    margin:0;\n    padding:0 1% 0 2%;\n    width:97%;\n    text-decoration:none !important;\n    text-overflow: ellipsis;\n    overflow: hidden;\n    white-space:nowrap;\n    z-index:20;\n    font-size: 16px;\n    color:#0074A2;\n    font-weight:normal;\n}\n\n.ph_element_17 .image-block_17  .play-icon.youtube-icon {background:url(https:\/\/www.dronesvip.com.ar\/es\/wp-content\/plugins\/gallery-and-caption\/assets\/images\/admin_images\/play.youtube.png) center center no-repeat;}\n.ph_element_17 .image-block_17  .play-icon.vimeo-icon {background:url(https:\/\/www.dronesvip.com.ar\/es\/wp-content\/plugins\/gallery-and-caption\/assets\/images\/admin_images\/play.vimeo.png) center center no-repeat;}\n.ph_element_17 .title-block_17 {\n    position:absolute;\n    left:0;\n    width:100%;\n    padding-top:5px;\n    height: 36px;\n    bottom:-41px;\n    background: rgba(0,0,0,0.8)  !important;\n    -webkit-transition: bottom 0.3s ease-out 0.1s;\n    -moz-transition: bottom 0.3s ease-out 0.1s;\n    -o-transition: bottom 0.3s ease-out 0.1s;\n    transition: bottom 0.3s ease-out 0.1s;\n}\n.ph_element_17 .title-block_17 a:hover, .ph_element_17 .title-block_17 a:focus, .element_17 .title-block_17 a:active {\n    color:#2EA2CD;\n    text-decoration:none;\n}\n.load_more4 {\n    margin: 10px 0;\n    position:relative;\n    text-align:center;\n    width:100%;\n}\n.load_more_button4 {\n    border-radius: 10px;\n    display:inline-block;\n    padding:5px 15px;\n    font-size:16px !important;;\n    color:#FF0D0D !important;;\n    background:#5CADFF !important;\n    cursor:pointer;\n}\n.load_more_button4:hover{\n    color:#FF4040 !important;\n    background:#99C5FF !important;\n}\n.loading4 {\n    display:none;\n}\n.paginate4{\n    font-size:19px !important;\n    color:#FF2C2C !important;\n    text-align: center;\n    margin-top: 25px;\n}\n.paginate4 a{\n    border-bottom: none !important;\n}\n.icon-style4{\n    font-size: 21px !important;\n    color:#B82020 !important;\n}\n.clear{\n    clear:both;\n}\n@media screen and (max-width: 480px){\n    .element_17{\n        max-width:100% !important;\n    }\n}\n.ph-gallery-wp-loading-icon {\n    width: 100%;\n    height: 100%;\n    position: absolute;\n    z-index: 1;\n    background:  url(https:\/\/www.dronesvip.com.ar\/es\/wp-content\/plugins\/gallery-and-caption\/assets\/images\/loading\/loading-1.svg) center top ;\n    background-repeat: no-repeat;\n    background-size: 60px auto;\n}\n\n.view-wrapper img{\n    height:auto;\n}\n.text-categogy-nuevo {\n    position: relative;\n    bottom: 35px;\n}\n#cajatitular {\n    position: absolute;\n    z-index: 1;\n    opacity: .8;\n    width: 350px;\n    height: 60px;\n    transform: rotate(-5deg);\n    background-color: white;\n    top: -20px;\n    left: -20px;\n}\n\n.view-wrapper:hover #cajatitular {\n    height: 50px;\n}\n#titular {\n    position: relative;\n    font-size: 15px;\n    top: 12px;\n    color:black;\n    z-index: 1;\n    opacity: 1;\n    transform: translateY(6px);\n    transform: rotate(5deg);\n}\n\n.view-wrapper:hover #titular {\n    transform: translateY(6px);\n    transform: rotate(5deg);\n}\n\n.mask-text-nuevo {\n    bottom: 10px;\n    position: absolute;\n    width: 100%;\n}\n.text-categogy-nuevo p {\n    font-size: 18px;\n    line-height: normal;\n}\n\n.cta {\n    background-color: #f47321;\n    padding: 10px 25px;\n    font-size: 14px;\n}\n\n<\/style>\n","protected":false},"excerpt":{"rendered":"<p>En este curso se presentar\u00e1n todos los conceptos b\u00e1sicos y principales para poder comenzar a desarrollar actividades relacionadas a la fotogrametr\u00eda. El curso comenzar\u00e1 con los conceptos de sistemas de coordenadas, geoides, elipsoides, instrumental de precisi\u00f3n para soporte de relevamientos fotogram\u00e9tricos, puntos de control, conceptos de precisi\u00f3n, resoluci\u00f3n y exactitud que ayudar\u00e1n a aclarar los [&hellip;]<\/p>\n","protected":false},"author":1,"featured_media":4324,"parent":0,"menu_order":0,"comment_status":"closed","ping_status":"closed","template":"","meta":{"footnotes":"","_joinchat":[]},"jetpack_sharing_enabled":true,"_links":{"self":[{"href":"https:\/\/www.dronesvip.com.ar\/es\/wp-json\/wp\/v2\/pages\/2121"}],"collection":[{"href":"https:\/\/www.dronesvip.com.ar\/es\/wp-json\/wp\/v2\/pages"}],"about":[{"href":"https:\/\/www.dronesvip.com.ar\/es\/wp-json\/wp\/v2\/types\/page"}],"author":[{"embeddable":true,"href":"https:\/\/www.dronesvip.com.ar\/es\/wp-json\/wp\/v2\/users\/1"}],"replies":[{"embeddable":true,"href":"https:\/\/www.dronesvip.com.ar\/es\/wp-json\/wp\/v2\/comments?post=2121"}],"version-history":[{"count":48,"href":"https:\/\/www.dronesvip.com.ar\/es\/wp-json\/wp\/v2\/pages\/2121\/revisions"}],"predecessor-version":[{"id":4322,"href":"https:\/\/www.dronesvip.com.ar\/es\/wp-json\/wp\/v2\/pages\/2121\/revisions\/4322"}],"wp:featuredmedia":[{"embeddable":true,"href":"https:\/\/www.dronesvip.com.ar\/es\/wp-json\/wp\/v2\/media\/4324"}],"wp:attachment":[{"href":"https:\/\/www.dronesvip.com.ar\/es\/wp-json\/wp\/v2\/media?parent=2121"}],"curies":[{"name":"wp","href":"https:\/\/api.w.org\/{rel}","templated":true}]}}